{"id":217,"date":"2016-02-22T17:01:35","date_gmt":"2016-02-22T17:01:35","guid":{"rendered":"http:\/\/gruposanmarino.com\/?page_id=217&#038;lang=en"},"modified":"2022-03-29T09:12:19","modified_gmt":"2022-03-29T09:12:19","slug":"empresa","status":"publish","type":"page","link":"https:\/\/gruposanmarino.com\/en\/empresa\/","title":{"rendered":"Company"},"content":{"rendered":"<div class=\"empresa slider\">\r\n<div>\r\n<div class=\"tag-cloud t1\"><span class=\"w1\">Experience<\/span>\r\n<span class=\"w2\">Own quarries<\/span>\r\n<span class=\"w3\">R &amp; D<\/span><\/div>\r\n<div class=\"tag-cloud t2\"><span class=\"w4\">Quality<\/span>\r\n<span class=\"w5\">Support<\/span>\r\n<span class=\"w6\">Commitment<\/span><\/div>\r\n<div class=\"tag-cloud t3\"><span class=\"w7\">Forefront<\/span>\r\n<span class=\"w8\">Global action<\/span>\r\n<span class=\"w9\">Seguridad<\/span><\/div>\r\n<div class=\"tag-cloud t4\"><span class=\"w10\">Effort<\/span>\r\n<span class=\"w11\">Innovation<\/span>\r\n<span class=\"w12\">Solutions<\/span><\/div>\r\n<\/div>\r\n<\/div>\r\n<div class=\" header1\" style=\"background-color: #e1e1e1;\">\r\n<div class=\"container\">\r\n<h1>Company<\/h1>\r\n<div class=\"page tag\">#We stone<\/div>\r\n<\/div>\r\n<\/div>\r\n<div class=\"container empresa historia\" style=\"background-color: #fff;\">\r\n<div class=\"x13 auto-height wow fadeInUp\">\r\n<\/div>\r\n<div class=\"x23 auto-height wow fadeInUp\">\r\n<h2 class=\"section-title\">History<\/h2>\r\n<p class=\"text\">SAN MARINO GROUP was born in the 1960s by the hand of Pedro Marin Perez and his sons, Pedro, Raimundo and Jose Mar\u00edn N\u00fa\u00f1ez. Their inspiring <strong>initiative<\/strong>, <strong>effort<\/strong> and <strong>dedication<\/strong> to customer needs made a rapid growth of the company possible, becoming soon an industry benchmark. One of the company&#8217;s main strength is its solid <strong>family nature<\/strong> and its strong human and professional commitment to its employees and customers, which provide a high level of <strong>excellence<\/strong> for its products, all of that, due to the result of over 45 years of <strong>experience<\/strong>.<\/p>\r\n<\/div>\r\n<\/div>\r\n<div class=\" empresa actualidad\" style=\"background-color: #f4f4f4;\">\r\n<div class=\"container\">\r\n\r\n<div class=\"x13 wow fadeInUp\">\r\n<div class=\"img top\"><\/div>\r\n<div class=\"img bottom\"><\/div>\r\n<\/div>\r\n<div class=\"x23 wow fadeInUp\">\r\n<h2 class=\"section-title\">Today<\/h2>\r\n<p class=\"text\" style=\"margin-bottom: 60px;\">Fruit of a great effort and experience, SAN MARINO GROUP has become an international <strong>reference<\/strong> in the field of natural stone and has distinguished itself in several features:<\/p>\r\n<div class=\"x12\">\r\n<h3>Own quarries<\/h3>\r\n<p class=\"text\">A large variety of <strong>own quarries<\/strong> is been the company&#8217;s fundamental policy which has allowed the group to offer our customers a wide array of products as well as the <strong>assurance<\/strong> of quality and supply.<\/p>\r\n\r\n<h3>Team<\/h3>\r\n<p class=\"text\">From the extraction process to the arrival of the product to the projects, the company has created highly <strong>specialized technical teams<\/strong> that provide significant <strong>support<\/strong> to the entire development process.<\/p>\r\n<\/div>\r\n<div class=\"x12\">\r\n<h3>Ability<\/h3>\r\n<p class=\"text\">The company holds 5 production plants sized by a first-class <strong>production capacity<\/strong>, both in terms of quantitu(000 m<sup>2<\/sup> per year), and selection of finishes and textures.<\/p>\r\n\r\n<h3>Global action<\/h3>\r\n<p class=\"text\">Through its history, and until now, GRUPO SAN MARINO has managed to build a <strong>brand<\/strong> throughout the world thanks to a constant <strong>global commitment<\/strong>. As a result, the group has managed to work for countless upscale <strong>projects<\/strong> on the 5 continents.<\/p>\r\n<\/div>\r\n<\/div>\r\n\r\n<\/div>\r\n<\/div>\r\n<div class=\" empresa equipo\">\r\n<div class=\"container\">\r\n<div class=\"auto-height fadeInUp wow\">\r\n<h2>Team<\/h2>\r\n<\/div>\r\n<div class=\"auto-height fadeInRight wow\" data-wow-delay=\"1s\">\r\n<h3 class=\"equipo-tecnico\">Experienced technical mineral Resources team<\/h3>\r\n<h3 class=\"equipo-produccion\">Highly specialized Production Team<\/h3>\r\n<\/div>\r\n<div class=\"auto-height fadeInRight wow\" data-wow-delay=\"1.4s\">\r\n<h3 class=\"equipo-logistica\">Logistics Team<\/h3>\r\n<h3 class=\"equipo-comercial\">Commercial team<\/h3>\r\n<\/div>\r\n<\/div>\r\n<\/div>\r\n<div class=\" empresa vanguardia\" style=\"background-color: #f4f4f4;\">\r\n<div class=\"container\">\r\n<h2 class=\"section-title\">Forefront<\/h2>\r\n<div class=\"x13 wow fadeInUp desarrollo\">\r\n<div class=\"main-image\" style=\"background-image: url('https:\/\/gruposanmarino.com\/wp-content\/uploads\/san-marino-medio-ambiente.jpg');\"><\/div>\r\n<h3>Sustainable development<\/h3>\r\nIt is an action guide of SAN MARINO GROUP, its commitment in sustainable working processes by creating respectful actions for our <strong>natural environment<\/strong>.\r\n\r\n<\/div>\r\n<div class=\"x13 wow fadeInUp compromiso\">\r\n<div class=\"main-image\" style=\"background-image: url('https:\/\/gruposanmarino.com\/wp-content\/uploads\/prueba-07.jpg');\"><\/div>\r\n<h3>Social commitment<\/h3>\r\nIts <strong>responsibility<\/strong> to the Northwest Region of Murcia, where its headquarters are located, is shown by its contributions to the construction of the <strong>social tissue<\/strong> of the region, participating in the creation of various associations and researching organizations, as well as supporting social, cultural and sporting events.\r\n\r\n<\/div>\r\n<div class=\"x13 wow fadeInUp id\">\r\n<div class=\"main-image\" style=\"background-image: url('https:\/\/gruposanmarino.com\/wp-content\/uploads\/san-marino-i-d.jpg');\"><\/div>\r\n<h3>I+D<\/h3>\r\nSAN MARINO GROUP also reaffirms its <strong>design<\/strong> and <strong>innovation<\/strong> dedication through outstanding constant <strong>R &amp; D<\/strong> work, always with the determination to provide both design, decorative and constructive <strong>solutions<\/strong> to its customers, and placing it at the <strong>forefront<\/strong> of the industry.\r\n\r\n<\/div>\r\n\r\n<\/div>\r\n<\/div>\r\n<div class=\"container logos-marca\">\r\n<h3 class=\"section-title\">Group&#8217;s companies<\/h3>\r\n<div>\r\n\r\n&nbsp;\r\n\r\n<\/div>\r\n<\/div>\r\n<div class=\" ac sub-claim\" style=\"background-color: #c4c4c4;\">\r\nLet&#8217;s work together\r\n<\/div>","protected":false},"excerpt":{"rendered":"<p>Experience Own quarries R &amp; D Quality Support Commitment Forefront Global action Seguridad Effort Innovation Solutions<\/p>\n","protected":false},"author":2,"featured_media":0,"parent":0,"menu_order":0,"comment_status":"closed","ping_status":"closed","template":"","meta":{"_acf_changed":false,"om_disable_all_campaigns":false,"_monsterinsights_skip_tracking":false,"_monsterinsights_sitenote_active":false,"_monsterinsights_sitenote_note":"","_monsterinsights_sitenote_category":0,"footnotes":""},"class_list":["post-217","page","type-page","status-publish","hentry"],"acf":[],"aioseo_notices":[],"_links":{"self":[{"href":"https:\/\/gruposanmarino.com\/en\/wp-json\/wp\/v2\/pages\/217","targetHints":{"allow":["GET"]}}],"collection":[{"href":"https:\/\/gruposanmarino.com\/en\/wp-json\/wp\/v2\/pages"}],"about":[{"href":"https:\/\/gruposanmarino.com\/en\/wp-json\/wp\/v2\/types\/page"}],"author":[{"embeddable":true,"href":"https:\/\/gruposanmarino.com\/en\/wp-json\/wp\/v2\/users\/2"}],"replies":[{"embeddable":true,"href":"https:\/\/gruposanmarino.com\/en\/wp-json\/wp\/v2\/comments?post=217"}],"version-history":[{"count":9,"href":"https:\/\/gruposanmarino.com\/en\/wp-json\/wp\/v2\/pages\/217\/revisions"}],"predecessor-version":[{"id":2115,"href":"https:\/\/gruposanmarino.com\/en\/wp-json\/wp\/v2\/pages\/217\/revisions\/2115"}],"wp:attachment":[{"href":"https:\/\/gruposanmarino.com\/en\/wp-json\/wp\/v2\/media?parent=217"}],"curies":[{"name":"wp","href":"https:\/\/api.w.org\/{rel}","templated":true}]}}