{"id":601,"date":"2016-03-17T09:09:00","date_gmt":"2016-03-17T09:09:00","guid":{"rendered":"http:\/\/gruposanmarino.com\/en\/?page_id=601"},"modified":"2016-03-17T09:09:00","modified_gmt":"2016-03-17T09:09:00","slug":"blog","status":"publish","type":"page","link":"https:\/\/gruposanmarino.com\/en\/blog\/","title":{"rendered":"Blog"},"content":{"rendered":"<div class=\" blog-slider\">\r\n<h1>News <span>San Marino Group<\/span><\/h1>\r\n<\/div>\r\n<div class=\"container\">\r\n<ul class=\"blog-wrapper\">\t\t\t<li class=\"post-entry\">\n\t\t\t\t\t\t\t\t\t\t<a class=\"image big\" href=\"https:\/\/gruposanmarino.com\/en\/la-magia-de-lo-natural\/\" rel=\"nofollow\" style=\"background-image: url(https:\/\/gruposanmarino.com\/wp-content\/uploads\/Stonehenge-la-magia-de-lo-natural.jpg);\" title=\"LA MAGIA DE LO NATURAL\">\n\t\t\t\t\t\t<\/a>\n\t\t\t\t\t\t\t\t\t\t<div class=\"post-meta top\">\n\t\t\t\t\t<span class=\"date\">24, June 2020<\/span>\t\t\t\t<\/div>\n\t\t\t\t\t\t\t\t\t<a class=\"title\" href=\"https:\/\/gruposanmarino.com\/en\/la-magia-de-lo-natural\/\" title=\"LA MAGIA DE LO NATURAL\">\n\t\t\t\t\t\t<h2 class=\"title\">\n\t\t\t\t\t\t\tLA MAGIA DE LO NATURAL\t\t\t\t\t\t<\/h2>\n\t\t\t\t\t<\/a>\n\t\t\t\t\t\t\t\t\t<div class=\"post-meta bottom\">\n\t\t\t\t\t\t\t\t\t<\/div>\n\t\t\t\t<div class=\"the-content\">\n\t\t\t\t\t<p>A lo largo de nuestra existencia son numerosos los distintos ritos y costumbres que est\u00e1n directamente relacionados con la conexi\u00f3n del ser humano con la naturaleza que le rodea, hasta el punto de haber creado gigantescos y misteriosos monumentos, qui\u00e9n sabe si para honrar esa conexi\u00f3n o incluso con la intenci\u00f3n de comunicarse a trav\u00e9s de una energ\u00eda com\u00fan. &nbsp; Al fin y al cabo, el ser humano es natural, es producto y miembro de esa naturaleza que le rodea y a la que pertenece y no es de extra\u00f1ar que a trav\u00e9s de esa evoluci\u00f3n conjunta y com\u00fan ahora&#8230;<\/p>\n<a class=\"read-more\" href=\"https:\/\/gruposanmarino.com\/en\/la-magia-de-lo-natural\/\" title=\"LA MAGIA DE LO NATURAL\">Leer m\u00e1s<\/a>\t\t\t\t<\/div>\n\t\t\t<\/li>\n\t\t\t\t\t\t<li class=\"post-entry\">\n\t\t\t\t\t\t\t\t\t\t<a class=\"image big\" href=\"https:\/\/gruposanmarino.com\/en\/solo-lo-natural-complementa-a-la-propia-naturaleza\/\" rel=\"nofollow\" style=\"background-image: url(https:\/\/gruposanmarino.com\/wp-content\/uploads\/GRIS-HORIZONTE-FOTO-3.jpg);\" title=\"S\u00d3LO LO NATURAL COMPLEMENTA A LA PROPIA NATURALEZA\">\n\t\t\t\t\t\t<\/a>\n\t\t\t\t\t\t\t\t\t\t<div class=\"post-meta top\">\n\t\t\t\t\t<span class=\"date\">26, May 2020<\/span>\t\t\t\t<\/div>\n\t\t\t\t\t\t\t\t\t<a class=\"title\" href=\"https:\/\/gruposanmarino.com\/en\/solo-lo-natural-complementa-a-la-propia-naturaleza\/\" title=\"S\u00d3LO LO NATURAL COMPLEMENTA A LA PROPIA NATURALEZA\">\n\t\t\t\t\t\t<h2 class=\"title\">\n\t\t\t\t\t\t\tS\u00d3LO LO NATURAL COMPLEMENTA A LA PROPIA NATURALEZA\t\t\t\t\t\t<\/h2>\n\t\t\t\t\t<\/a>\n\t\t\t\t\t\t\t\t\t<div class=\"post-meta bottom\">\n\t\t\t\t\t\t\t\t\t<\/div>\n\t\t\t\t<div class=\"the-content\">\n\t\t\t\t\t<p>Leyendo este art\u00edculo hubo una frase que armoniz\u00f3 de manera completamente fluida con este momento y este material: &nbsp; &#8220;Ella [la utopia] est\u00e1 en el horizonte \u2013dice Fernando Birri-. Yo me acerco dos pasos y ella se aleja dos pasos. Camino diez pasos y el horizonte se corre diez pasos m\u00e1s all\u00e1. Por mucho que yo camine, nunca la alcanzar\u00e9. \u00bfPara que sirve la utop\u00eda? Para eso sirve, para caminar.\u201d -Eduardo Galeano, Las palabras andantes (Buenos Aires: Cat\u00e1logos, 1993), 230.- &nbsp; Al leerlas y sentirlas, cobr\u00f3 vida la concepci\u00f3n original que envuelve a este material, al Gris Horizonte, al &#8220;caminar&#8221;,&#8230;<\/p>\n<a class=\"read-more\" href=\"https:\/\/gruposanmarino.com\/en\/solo-lo-natural-complementa-a-la-propia-naturaleza\/\" title=\"S\u00d3LO LO NATURAL COMPLEMENTA A LA PROPIA NATURALEZA\">Leer m\u00e1s<\/a>\t\t\t\t<\/div>\n\t\t\t<\/li>\n\t\t\t\t\t\t<li class=\"post-entry\">\n\t\t\t\t\t\t\t\t\t\t<a class=\"image big\" href=\"https:\/\/gruposanmarino.com\/en\/nueva-libreria-bim-revit-del-grupo-san-marino\/\" rel=\"nofollow\" style=\"background-image: url(https:\/\/gruposanmarino.com\/wp-content\/uploads\/Curso-de-Revit-Avanzado.png);\" title=\"NUEVA LIBRERIA BIM REVIT DE GRUPO SAN MARINO PARA ARQUITECTOS DISE\u00d1ADORES\">\n\t\t\t\t\t\t<\/a>\n\t\t\t\t\t\t\t\t\t\t<div class=\"post-meta top\">\n\t\t\t\t\t<span class=\"date\">11, January 2019<\/span>\t\t\t\t<\/div>\n\t\t\t\t\t\t\t\t\t<a class=\"title\" href=\"https:\/\/gruposanmarino.com\/en\/nueva-libreria-bim-revit-del-grupo-san-marino\/\" title=\"NUEVA LIBRERIA BIM REVIT DE GRUPO SAN MARINO PARA ARQUITECTOS DISE\u00d1ADORES\">\n\t\t\t\t\t\t<h2 class=\"title\">\n\t\t\t\t\t\t\tNUEVA LIBRERIA BIM REVIT DE GRUPO SAN MARINO PARA ARQUITECTOS DISE\u00d1ADORES\t\t\t\t\t\t<\/h2>\n\t\t\t\t\t<\/a>\n\t\t\t\t\t\t\t\t\t<div class=\"post-meta bottom\">\n\t\t\t\t\t\t\t\t\t<\/div>\n\t\t\t\t<div class=\"the-content\">\n\t\t\t\t\t<p>Grupo San Marino pone al servicio de los profesionales de la arquitectura y el dise\u00f1o una nueva libreria BIM REVIT (BUILDING INFORMATION MODELING) con gran parte de nuestros productos y todos nuestros materiales, descargables en\u00a0el \u00e1rea de descarga. Grupo San Marino puts at the service of architecture and design professionals a new library BIM REVIT (BUILDING INFORMATION MODELING) with many of our products and all our materials, downloadable in your download area. Recursos<\/p>\n<a class=\"read-more\" href=\"https:\/\/gruposanmarino.com\/en\/nueva-libreria-bim-revit-del-grupo-san-marino\/\" title=\"NUEVA LIBRERIA BIM REVIT DE GRUPO SAN MARINO PARA ARQUITECTOS DISE\u00d1ADORES\">Leer m\u00e1s<\/a>\t\t\t\t<\/div>\n\t\t\t<\/li>\n\t\t\t\t\t\t<li class=\"post-entry\">\n\t\t\t\t\t\t\t\t\t\t<a class=\"image big\" href=\"https:\/\/gruposanmarino.com\/en\/bienvenidoa-a-la-nueva-web-de-grupo-san-marino\/\" rel=\"nofollow\" style=\"background-image: url(https:\/\/gruposanmarino.com\/wp-content\/uploads\/grupo-san-marino-home-slider-01.jpg);\" title=\"Bienvenido\/a a la nueva web de Grupo San Marino\">\n\t\t\t\t\t\t<\/a>\n\t\t\t\t\t\t\t\t\t\t<div class=\"post-meta top\">\n\t\t\t\t\t<span class=\"date\">22, March 2016<\/span>\t\t\t\t<\/div>\n\t\t\t\t\t\t\t\t\t<a class=\"title\" href=\"https:\/\/gruposanmarino.com\/en\/bienvenidoa-a-la-nueva-web-de-grupo-san-marino\/\" title=\"Bienvenido\/a a la nueva web de Grupo San Marino\">\n\t\t\t\t\t\t<h2 class=\"title\">\n\t\t\t\t\t\t\tBienvenido\/a a la nueva web de Grupo San Marino\t\t\t\t\t\t<\/h2>\n\t\t\t\t\t<\/a>\n\t\t\t\t\t\t\t\t\t<div class=\"post-meta bottom\">\n\t\t\t\t\t\t\t\t\t<\/div>\n\t\t\t\t<div class=\"the-content\">\n\t\t\t\t\t<p>Desde Grupo San Marino, queremos presentarle nuestro renovado portal web, donde podr\u00e1 conocer los materiales como los que trabajamos, noticias referentes al Grupo as\u00ed como los proyectos que realizamos en diversas partes del mundo. \u00a1Bienvenido\/a!<\/p>\n<a class=\"read-more\" href=\"https:\/\/gruposanmarino.com\/en\/bienvenidoa-a-la-nueva-web-de-grupo-san-marino\/\" title=\"Bienvenido\/a a la nueva web de Grupo San Marino\">Leer m\u00e1s<\/a>\t\t\t\t<\/div>\n\t\t\t<\/li>\n\t\t\t<\/ul>\r\n<aside id=\"sidebar\" class=\"barra-lateral sidebar-right\"><div id=\"search-2\" class=\"widget widget_search\"><h4 class=\"side-title\">Search<\/h4><form role=\"search\" method=\"get\" id=\"searchform\" class=\"searchform\" action=\"https:\/\/gruposanmarino.com\/en\/\">\n\t<div>\n\t\t<input type=\"text\" value=\"\" name=\"s\" id=\"s\" placeholder=\"Search\" \/>\n\t\t<input type=\"submit\" id=\"searchsubmit\" value=\"\uf002\" \/>\n\t<\/div>\n<\/form><\/div>\t\t\t<div id=\"b_widget_recent_posts-2\" class=\"widget b_w_recent-posts\">\t\t\t<h4 class=\"side-title\">Last news<\/h4>\t\t\t<ul>\n\t\t\t\t\t\t\t<li>\n\t\t\t\t\t\t\t\t\t<div class=\"date_post\">\n\t\t\t\t\t\t<span class=\"post-date\">24 <br>Jun.<\/span>\n\t\t\t\t\t<\/div>\n\t\t\t\t\t\t\t\t<a href=\"https:\/\/gruposanmarino.com\/en\/la-magia-de-lo-natural\/\">LA MAGIA DE LO NATURAL<\/a>\n\t\t\t\t<\/li>\n\t\t\t\t\t\t\t<li>\n\t\t\t\t\t\t\t\t\t<div class=\"date_post\">\n\t\t\t\t\t\t<span class=\"post-date\">26 <br>May.<\/span>\n\t\t\t\t\t<\/div>\n\t\t\t\t\t\t\t\t<a href=\"https:\/\/gruposanmarino.com\/en\/solo-lo-natural-complementa-a-la-propia-naturaleza\/\">S\u00d3LO LO NATURAL COMPLEMENTA A LA PROPIA NATURALEZA<\/a>\n\t\t\t\t<\/li>\n\t\t\t\t\t\t\t<li>\n\t\t\t\t\t\t\t\t\t<div class=\"date_post\">\n\t\t\t\t\t\t<span class=\"post-date\">11 <br>Jan.<\/span>\n\t\t\t\t\t<\/div>\n\t\t\t\t\t\t\t\t<a href=\"https:\/\/gruposanmarino.com\/en\/nueva-libreria-bim-revit-del-grupo-san-marino\/\">NUEVA LIBRERIA BIM REVIT DE GRUPO SAN MARINO PARA ARQUITECTOS DISE\u00d1ADORES<\/a>\n\t\t\t\t<\/li>\n\t\t\t\t\t\t\t<li>\n\t\t\t\t\t\t\t\t\t<div class=\"date_post\">\n\t\t\t\t\t\t<span class=\"post-date\">22 <br>Mar.<\/span>\n\t\t\t\t\t<\/div>\n\t\t\t\t\t\t\t\t<a href=\"https:\/\/gruposanmarino.com\/en\/bienvenidoa-a-la-nueva-web-de-grupo-san-marino\/\">Bienvenido\/a a la nueva web de Grupo San Marino<\/a>\n\t\t\t\t<\/li>\n\t\t\t\t\t\t<\/ul>\n\t\t\t<\/div>\t\t\t<div id=\"categories-3\" class=\"widget widget_categories\"><h4 class=\"side-title\">Categories<\/h4>\n\t\t\t<ul>\n\t\t\t\t\t<li class=\"cat-item cat-item-84\"><a href=\"https:\/\/gruposanmarino.com\/en\/category\/grupo-san-marino-en\/\">El grupo<\/a> (1)\n<\/li>\n\t<li class=\"cat-item cat-item-16\"><a href=\"https:\/\/gruposanmarino.com\/en\/category\/news\/\">News<\/a> (1)\n<\/li>\n\t\t\t<\/ul>\n\n\t\t\t<\/div><\/aside>\r\n<\/div>","protected":false},"excerpt":{"rendered":"","protected":false},"author":2,"featured_media":0,"parent":0,"menu_order":0,"comment_status":"closed","ping_status":"closed","template":"","meta":{"_acf_changed":false,"om_disable_all_campaigns":false,"_monsterinsights_skip_tracking":false,"_monsterinsights_sitenote_active":false,"_monsterinsights_sitenote_note":"","_monsterinsights_sitenote_category":0,"footnotes":""},"class_list":["post-601","page","type-page","status-publish","hentry"],"acf":[],"aioseo_notices":[],"_links":{"self":[{"href":"https:\/\/gruposanmarino.com\/en\/wp-json\/wp\/v2\/pages\/601","targetHints":{"allow":["GET"]}}],"collection":[{"href":"https:\/\/gruposanmarino.com\/en\/wp-json\/wp\/v2\/pages"}],"about":[{"href":"https:\/\/gruposanmarino.com\/en\/wp-json\/wp\/v2\/types\/page"}],"author":[{"embeddable":true,"href":"https:\/\/gruposanmarino.com\/en\/wp-json\/wp\/v2\/users\/2"}],"replies":[{"embeddable":true,"href":"https:\/\/gruposanmarino.com\/en\/wp-json\/wp\/v2\/comments?post=601"}],"version-history":[{"count":1,"href":"https:\/\/gruposanmarino.com\/en\/wp-json\/wp\/v2\/pages\/601\/revisions"}],"predecessor-version":[{"id":603,"href":"https:\/\/gruposanmarino.com\/en\/wp-json\/wp\/v2\/pages\/601\/revisions\/603"}],"wp:attachment":[{"href":"https:\/\/gruposanmarino.com\/en\/wp-json\/wp\/v2\/media?parent=601"}],"curies":[{"name":"wp","href":"https:\/\/api.w.org\/{rel}","templated":true}]}}